{"id":49,"date":"2011-02-01T14:23:05","date_gmt":"2011-02-01T14:23:05","guid":{"rendered":"http:\/\/domainedusp.cluster010.ovh.net\/en\/"},"modified":"2017-07-17T17:24:58","modified_gmt":"2017-07-17T17:24:58","slug":"access-map","status":"publish","type":"page","link":"https:\/\/www.domainedemontflix.com\/en\/access-map\/","title":{"rendered":"Access plan"},"content":{"rendered":"<h1 class=\"dm\">How to get to the Montflix Domain?<\/h1>\n<p class=\"text-center\">We are located at <strong>Grandpr\u00e9<\/strong>, in the country of Argonne, in Ardennes.<br \/>\nOur address is : 66 rue Montflix 08250 Grandpr\u00e9<br \/>\nT\u00e9l : <strong>+33 (0)3 24 30 52 87<\/strong><\/p>\n<div id=\"google\">\n<h2 class=\"dm\">Grandpr\u00e9 on Google Maps<\/h2>\n<div>Move on the map below.<br \/>\n<a title=\"How to access to the Monflix area with Google Maps\" href=\"https:\/\/www.google.com\/maps\/dir\/\/Domaine+de+Montflix,+66+Rue+de+Montflix,+08250+Grandpr%C3%A9,+France\/@49.340064,4.865207,17z\/data=!4m15!1m6!3m5!1s0x0:0x97f5db86d280d31a!2sDomaine+de+Montflix!8m2!3d49.3400636!4d4.8652067!4m7!1m0!1m5!1m1!1s0x47ea4c1c1ca48ff9:0x97f5db86d280d31a!2m2!1d4.8652067!2d49.3400636?hl=en\" target=\"_blank\">Plan your route by clicking here<\/a><\/p>\n<p><iframe loading=\"lazy\" src=\"https:\/\/www.google.com\/maps\/embed?pb=!1m18!1m12!1m3!1d2599.638444327004!2d4.863018015686651!3d49.34006357933758!2m3!1f0!2f0!3f0!3m2!1i1024!2i768!4f13.1!3m3!1m2!1s0x47ea4c1c1ca48ff9%3A0x97f5db86d280d31a!2sDomaine+de+Montflix!5e0!3m2!1sfr!2sfr!4v1500311247631\" width=\"400\" height=\"300\" frameborder=\"0\" style=\"border:0\" allowfullscreen><\/iframe><\/div>\n<\/div>\n<div id=\"acces-carte\">\n<map id=\"carte\" name=\"carte\">\n<area shape=\"rect\" coords=\"1,1,224,153\" href=\"javascript:ouvrir('\/images\/sce\/cartehg.jpg','Carte2','left=100,toolbar=no,directories=no,status=no,menubar=no,scrollbars=no,resizable=no,width=890,height=630')\" alt=\"Grandpr\u00e9 and Vouziers\" \/>\n<area shape=\"rect\" coords=\"224,1,435,153\" href=\"javascript:ouvrir('\/images\/sce\/cartehd.jpg','Carte2','left=100,toolbar=no,directories=no,status=no,menubar=no,scrollbars=no,resizable=no,width=890,height=630')\" alt=\"Dun sur Meuse\" \/>\n<area shape=\"rect\" coords=\"1,153,224,305\" href=\"javascript:ouvrir('\/images\/sce\/cartebg.jpg','Carte2','left=100,toolbar=no,directories=no,status=no,menubar=no,scrollbars=no,resizable=no,width=890,height=630')\" alt=\"Monthois and Ville-Sur-Tourbes\" \/>\n<area shape=\"rect\" coords=\"224,153,435,305\" href=\"javascript:ouvrir('\/images\/sce\/cartebd.jpg','Carte2','left=100,toolbar=no,directories=no,status=no,menubar=no,scrollbars=no,resizable=no,width=890,height=630')\" alt=\"Varennes\" \/><\/map>\n<h2 class=\"dm\">Maps of Grandpr\u00e9 and Argonne<\/h2>\n<p class=\"text-center\">Click on the part to enlarge<br \/>\n(4 detailed maps are available)<\/p>\n<p><img decoding=\"async\" usemap=\"#carte\" src=\"\/images\/sce\/Carte436.jpg\" alt=\"Maps of Grandpr\u00e9 and Argonne\" \/><\/p>\n","protected":false},"excerpt":{"rendered":"<p>How to get to the Montflix Domain? We are located at Grandpr\u00e9, in the country of Argonne, in Ardennes. Our address is : 66 rue Montflix 08250 Grandpr\u00e9 T\u00e9l : +33 (0)3 24 30 52 87 Grandpr\u00e9 on Google Maps &hellip; <a href=\"https:\/\/www.domainedemontflix.com\/en\/access-map\/\">Continue reading <span class=\"meta-nav\">&rarr;<\/span><\/a><\/p>\n","protected":false},"author":1,"featured_media":0,"parent":0,"menu_order":60,"comment_status":"closed","ping_status":"closed","template":"onecolumn-page.php","meta":{"footnotes":""},"aioseo_notices":[],"_links":{"self":[{"href":"https:\/\/www.domainedemontflix.com\/en\/wp-json\/wp\/v2\/pages\/49"}],"collection":[{"href":"https:\/\/www.domainedemontflix.com\/en\/wp-json\/wp\/v2\/pages"}],"about":[{"href":"https:\/\/www.domainedemontflix.com\/en\/wp-json\/wp\/v2\/types\/page"}],"author":[{"embeddable":true,"href":"https:\/\/www.domainedemontflix.com\/en\/wp-json\/wp\/v2\/users\/1"}],"replies":[{"embeddable":true,"href":"https:\/\/www.domainedemontflix.com\/en\/wp-json\/wp\/v2\/comments?post=49"}],"version-history":[{"count":11,"href":"https:\/\/www.domainedemontflix.com\/en\/wp-json\/wp\/v2\/pages\/49\/revisions"}],"predecessor-version":[{"id":111,"href":"https:\/\/www.domainedemontflix.com\/en\/wp-json\/wp\/v2\/pages\/49\/revisions\/111"}],"wp:attachment":[{"href":"https:\/\/www.domainedemontflix.com\/en\/wp-json\/wp\/v2\/media?parent=49"}],"curies":[{"name":"wp","href":"https:\/\/api.w.org\/{rel}","templated":true}]}}